{"id":108,"date":"2013-04-01T20:50:23","date_gmt":"2013-04-01T19:50:23","guid":{"rendered":"http:\/\/weblog.shevek.de\/?page_id=108"},"modified":"2018-08-26T18:08:23","modified_gmt":"2018-08-26T17:08:23","slug":"tourverlauf","status":"publish","type":"page","link":"https:\/\/weblog.shevek.de\/?page_id=108","title":{"rendered":"Marzipantour 2013"},"content":{"rendered":"<div id=\"attachment_111\" style=\"width: 258px\" class=\"wp-caption alignright\"><a href=\"https:\/\/weblog.shevek.de\/wp-content\/uploads\/2013\/04\/Tourverlauf.png\" target=\"_blank\"><img loading=\"lazy\" decoding=\"async\" aria-describedby=\"caption-attachment-111\" class=\"size-medium wp-image-111   \" src=\"https:\/\/weblog.shevek.de\/wp-content\/uploads\/2013\/04\/Tourverlauf-248x300.png\" alt=\"Tourverlauf\" width=\"248\" height=\"300\" srcset=\"https:\/\/weblog.shevek.de\/wp-content\/uploads\/2013\/04\/Tourverlauf-248x300.png 248w, https:\/\/weblog.shevek.de\/wp-content\/uploads\/2013\/04\/Tourverlauf.png 618w\" sizes=\"auto, (max-width: 248px) 100vw, 248px\" \/><\/a><p id=\"caption-attachment-111\" class=\"wp-caption-text\">Zur Vergr\u00f6\u00dferung bitte anklicken<\/p><\/div>\n<p><strong>Hier die \u00dcbersicht der Teilstrecken<\/strong><\/p>\n<ul>\n<li>Wuppertal &#8211; Stendal &#8211; Tangerm\u00fcnde (14 km) <em>Anfahrt bis Stendal mit der Eisenbahn<\/em><\/li>\n<li>Tangerm\u00fcnde \u2013 Brandenburg (88 km)<br \/>\n<em>optional k\u00fcrzer mit der Eisenbahn<\/em><\/li>\n<li>Brandenburg \u2013 Potsdam (58 km)<\/li>\n<li>Potsdam \u2013 Berlin (35 km)<em><br \/>\nes folgen zwei Ruhe- oder Sightseeing-Tage in Berlin<\/em><\/li>\n<li>Berlin &#8211; Zehdenick (83 km)<br \/>\n<em>optional k\u00fcrzer mit der Eisenbahn<\/em><\/li>\n<li>Zehdenick &#8211; Johannisruh bei Wesenberg (60km)<\/li>\n<li>Johannisruh bei Wesenberg &#8211; Waren (56 km)<\/li>\n<li>Waren &#8211; Plau &#8211; Schwerin (76 km)<br \/>\n<em>Schifffahrt bis Plau, der Rest optional k\u00fcrzer mit der Eisenbahn,<br \/>\nes folgt ein Ruhe- oder Sightseeing-Tag in Schwerin<\/em><\/li>\n<li>Schwerin &#8211; Schwaan (75 km)<\/li>\n<li>Schwaan &#8211; Wustrow (70 km)<br \/>\n<em>und dann sechs verdiente Urlaubstage in Wustrow<\/em><\/li>\n<li>Wustrow &#8211; Bad Doberan &#8211; Wismar (54 km)<br \/>\n<em>von Bad Doberan mit der Eisenbahn<\/em><\/li>\n<li>Wismar &#8211; L\u00fcbeck (74 km)<\/li>\n<li>L\u00fcbeck &#8211; Wuppertal<br \/>\n<em>R\u00fcckfahrt mit der Eisenbahn<\/em><\/li>\n<\/ul>\n<p>Der Verlauf ist selbstverst\u00e4ndlich flexibel gehalten, so dass lange Strecken gek\u00fcrzt, sch\u00f6ne Orte l\u00e4nger besucht und alles in allem stressfrei bleiben kann.<\/p>\n","protected":false},"excerpt":{"rendered":"<p>Hier die \u00dcbersicht der Teilstrecken Wuppertal &#8211; Stendal &#8211; Tangerm\u00fcnde (14 km) Anfahrt bis Stendal mit der Eisenbahn Tangerm\u00fcnde \u2013 Brandenburg (88 km) optional k\u00fcrzer mit der Eisenbahn Brandenburg \u2013 Potsdam (58 km) Potsdam \u2013 Berlin (35 km) es folgen &hellip; <a href=\"https:\/\/weblog.shevek.de\/?page_id=108\">Weiterlesen <span class=\"meta-nav\">&rarr;<\/span><\/a><\/p>\n","protected":false},"author":1,"featured_media":0,"parent":0,"menu_order":50,"comment_status":"closed","ping_status":"closed","template":"","meta":{"footnotes":""},"class_list":["post-108","page","type-page","status-publish","hentry"],"_links":{"self":[{"href":"https:\/\/weblog.shevek.de\/index.php?rest_route=\/wp\/v2\/pages\/108","targetHints":{"allow":["GET"]}}],"collection":[{"href":"https:\/\/weblog.shevek.de\/index.php?rest_route=\/wp\/v2\/pages"}],"about":[{"href":"https:\/\/weblog.shevek.de\/index.php?rest_route=\/wp\/v2\/types\/page"}],"author":[{"embeddable":true,"href":"https:\/\/weblog.shevek.de\/index.php?rest_route=\/wp\/v2\/users\/1"}],"replies":[{"embeddable":true,"href":"https:\/\/weblog.shevek.de\/index.php?rest_route=%2Fwp%2Fv2%2Fcomments&post=108"}],"version-history":[{"count":19,"href":"https:\/\/weblog.shevek.de\/index.php?rest_route=\/wp\/v2\/pages\/108\/revisions"}],"predecessor-version":[{"id":574,"href":"https:\/\/weblog.shevek.de\/index.php?rest_route=\/wp\/v2\/pages\/108\/revisions\/574"}],"wp:attachment":[{"href":"https:\/\/weblog.shevek.de\/index.php?rest_route=%2Fwp%2Fv2%2Fmedia&parent=108"}],"curies":[{"name":"wp","href":"https:\/\/api.w.org\/{rel}","templated":true}]}}