{"id":1144,"date":"2019-12-15T16:05:56","date_gmt":"2019-12-15T15:05:56","guid":{"rendered":"http:\/\/weblog.shevek.de\/?page_id=1144"},"modified":"2020-07-09T22:56:39","modified_gmt":"2020-07-09T21:56:39","slug":"havelland-und-ostseestrand","status":"publish","type":"page","link":"https:\/\/weblog.shevek.de\/?page_id=1144","title":{"rendered":"Havelland und Ostseestrand"},"content":{"rendered":"\n<p>Unsere Sommertour startet in Wittenberge an der Elbe. Wir fahren dann die Havel l\u00e4ngs \u00fcber Brandenburg, lassen Berlin rechts liegen um dann nach Norden zur M\u00fcritz zu radeln. <br>Von Waren geht es dann zur Ostsee nach Wustrow. Eine Woche Strandurlaub \ud83d\ude42 <br>Zum Schluss radeln wir noch \u00fcber Karnin nach Stralsund, wo die Tour sich in Wohlgefallen aufl\u00f6st.<\/p>\n\n\n\n<div class=\"wp-block-media-text alignwide has-media-on-the-right is-stacked-on-mobile\"><figure class=\"wp-block-media-text__media\"><img loading=\"lazy\" decoding=\"async\" width=\"505\" height=\"1024\" src=\"https:\/\/weblog.shevek.de\/wp-content\/uploads\/2020\/07\/Gesamt-505x1024.png\" alt=\"\" class=\"wp-image-1183\" srcset=\"https:\/\/weblog.shevek.de\/wp-content\/uploads\/2020\/07\/Gesamt-505x1024.png 505w, https:\/\/weblog.shevek.de\/wp-content\/uploads\/2020\/07\/Gesamt-148x300.png 148w, https:\/\/weblog.shevek.de\/wp-content\/uploads\/2020\/07\/Gesamt.png 650w\" sizes=\"auto, (max-width: 505px) 100vw, 505px\" \/><\/figure><div class=\"wp-block-media-text__content\">\n<p><strong>Tourverlauf<\/strong> (675 km)<\/p>\n\n\n\n<ul class=\"wp-block-list\"><li>Wuppertal \u2013 Wittenberge  (DB)<br>Wittenberge \u2013Havelberg 40<\/li><li>Havelberg \u2013 Rathenow 60<\/li><li>Rathenow \u2013 Wusterwitz 45<\/li><li>Wusterwitz \u2013 Brandenburg 20<\/li><li>Brandenburg \u2013 Potsdam  55<\/li><li>Potsdam Ruhetag<\/li><li>Potsdam \u2013 Hennigsdorf 40<\/li><li>Hennigsdorf \u2013 Zehdenik 55<\/li><li>Zehdenik \u2013 Wesenberg 65<\/li><li>Wesenberg \u2013 Waren 65<\/li><li>Waren \u2013 Gottin 55<\/li><li>Gottin \u2013 Sanitz 40<\/li><li>Sanitz \u2013 Wustrow 45<\/li><li>Ferienwoche in Wustrow<\/li><li>Wustrow \u2013 Karnin 55<\/li><li>Karnin \u2013 Stralsund 35<\/li><li>Stralsund \u2013 Wuppertal (DB)<\/li><\/ul>\n<\/div><\/div>\n","protected":false},"excerpt":{"rendered":"<p>Unsere Sommertour startet in Wittenberge an der Elbe. Wir fahren dann die Havel l\u00e4ngs \u00fcber Brandenburg, lassen Berlin rechts liegen um dann nach Norden zur M\u00fcritz zu radeln. Von Waren geht es dann zur Ostsee nach Wustrow. Eine Woche Strandurlaub &hellip; <a href=\"https:\/\/weblog.shevek.de\/?page_id=1144\">Weiterlesen <span class=\"meta-nav\">&rarr;<\/span><\/a><\/p>\n","protected":false},"author":1,"featured_media":0,"parent":0,"menu_order":0,"comment_status":"closed","ping_status":"closed","template":"","meta":{"footnotes":""},"class_list":["post-1144","page","type-page","status-publish","hentry"],"_links":{"self":[{"href":"https:\/\/weblog.shevek.de\/index.php?rest_route=\/wp\/v2\/pages\/1144","targetHints":{"allow":["GET"]}}],"collection":[{"href":"https:\/\/weblog.shevek.de\/index.php?rest_route=\/wp\/v2\/pages"}],"about":[{"href":"https:\/\/weblog.shevek.de\/index.php?rest_route=\/wp\/v2\/types\/page"}],"author":[{"embeddable":true,"href":"https:\/\/weblog.shevek.de\/index.php?rest_route=\/wp\/v2\/users\/1"}],"replies":[{"embeddable":true,"href":"https:\/\/weblog.shevek.de\/index.php?rest_route=%2Fwp%2Fv2%2Fcomments&post=1144"}],"version-history":[{"count":8,"href":"https:\/\/weblog.shevek.de\/index.php?rest_route=\/wp\/v2\/pages\/1144\/revisions"}],"predecessor-version":[{"id":1187,"href":"https:\/\/weblog.shevek.de\/index.php?rest_route=\/wp\/v2\/pages\/1144\/revisions\/1187"}],"wp:attachment":[{"href":"https:\/\/weblog.shevek.de\/index.php?rest_route=%2Fwp%2Fv2%2Fmedia&parent=1144"}],"curies":[{"name":"wp","href":"https:\/\/api.w.org\/{rel}","templated":true}]}}