{"id":139,"date":"2013-04-09T19:26:10","date_gmt":"2013-04-09T18:26:10","guid":{"rendered":"http:\/\/weblog.shevek.de\/?page_id=139"},"modified":"2020-07-10T23:05:40","modified_gmt":"2020-07-10T22:05:40","slug":"radroutenplaner","status":"publish","type":"page","link":"https:\/\/weblog.shevek.de\/?page_id=139","title":{"rendered":"Radroutenplaner"},"content":{"rendered":"<p>Es gibt verschiedene M\u00f6glichkeiten sich sch\u00f6ne Routen mit dem Rad zusammenzustellen. Wir nutzen f\u00fcr dieTouren den Routenplaner von <a href=\"http:\/\/www.naviki.org\" target=\"_blank\" rel=\"noopener noreferrer\">Naviki<\/a>. Probiert es mal aus. Nach etwas einarbeiten ist das ganz nett \ud83d\ude42<br \/>\nManchmal stolpert man \u00fcber ein paar Problemchen in Naviki aber eigentlich ist es ganz gut. Die aktuellen Karten sind jedoch (bis auf OpenStreetMap) nach meinem Designgeschmack eher h\u00e4sslich \ud83d\ude1b<\/p>\n<p>Ein anderer Routenplaner ist der <a href=\"http:\/\/www.radroutenplaner.nrw.de\/\" target=\"_blank\" rel=\"noopener noreferrer\">Radroutenplaner NRW<\/a>. Auch der ist zu empfehlen.<\/p>\n","protected":false},"excerpt":{"rendered":"<p>Es gibt verschiedene M\u00f6glichkeiten sich sch\u00f6ne Routen mit dem Rad zusammenzustellen. Wir nutzen f\u00fcr dieTouren den Routenplaner von Naviki. Probiert es mal aus. Nach etwas einarbeiten ist das ganz nett \ud83d\ude42 Manchmal stolpert man \u00fcber ein paar Problemchen in Naviki &hellip; <a href=\"https:\/\/weblog.shevek.de\/?page_id=139\">Weiterlesen <span class=\"meta-nav\">&rarr;<\/span><\/a><\/p>\n","protected":false},"author":1,"featured_media":0,"parent":0,"menu_order":90,"comment_status":"closed","ping_status":"closed","template":"","meta":{"footnotes":""},"class_list":["post-139","page","type-page","status-publish","hentry"],"_links":{"self":[{"href":"https:\/\/weblog.shevek.de\/index.php?rest_route=\/wp\/v2\/pages\/139","targetHints":{"allow":["GET"]}}],"collection":[{"href":"https:\/\/weblog.shevek.de\/index.php?rest_route=\/wp\/v2\/pages"}],"about":[{"href":"https:\/\/weblog.shevek.de\/index.php?rest_route=\/wp\/v2\/types\/page"}],"author":[{"embeddable":true,"href":"https:\/\/weblog.shevek.de\/index.php?rest_route=\/wp\/v2\/users\/1"}],"replies":[{"embeddable":true,"href":"https:\/\/weblog.shevek.de\/index.php?rest_route=%2Fwp%2Fv2%2Fcomments&post=139"}],"version-history":[{"count":14,"href":"https:\/\/weblog.shevek.de\/index.php?rest_route=\/wp\/v2\/pages\/139\/revisions"}],"predecessor-version":[{"id":1240,"href":"https:\/\/weblog.shevek.de\/index.php?rest_route=\/wp\/v2\/pages\/139\/revisions\/1240"}],"wp:attachment":[{"href":"https:\/\/weblog.shevek.de\/index.php?rest_route=%2Fwp%2Fv2%2Fmedia&parent=139"}],"curies":[{"name":"wp","href":"https:\/\/api.w.org\/{rel}","templated":true}]}}