{"id":2,"date":"2013-03-05T21:27:19","date_gmt":"2013-03-05T20:27:19","guid":{"rendered":"http:\/\/weblog.shevek.de\/?page_id=2"},"modified":"2018-08-26T18:08:34","modified_gmt":"2018-08-26T17:08:34","slug":"sample-page","status":"publish","type":"page","link":"https:\/\/weblog.shevek.de\/?page_id=2","title":{"rendered":"Hintergrund"},"content":{"rendered":"<p>In diesem Blog m\u00f6chte ich unsere Radtouren und Freizeitaktivit\u00e4ten f\u00fcr alle interessierten zum Nachlesen zur Verf\u00fcgung stellen.<\/p>\n<p>Viel Spa\u00df beim Lesen.<\/p>\n<p><em>J\u00fcrgen S. aus Wuppertal<\/em><\/p>\n","protected":false},"excerpt":{"rendered":"<p>In diesem Blog m\u00f6chte ich unsere Radtouren und Freizeitaktivit\u00e4ten f\u00fcr alle interessierten zum Nachlesen zur Verf\u00fcgung stellen. Viel Spa\u00df beim Lesen. J\u00fcrgen S. aus Wuppertal<\/p>\n","protected":false},"author":1,"featured_media":0,"parent":0,"menu_order":98,"comment_status":"closed","ping_status":"closed","template":"","meta":{"footnotes":""},"class_list":["post-2","page","type-page","status-publish","hentry"],"_links":{"self":[{"href":"https:\/\/weblog.shevek.de\/index.php?rest_route=\/wp\/v2\/pages\/2","targetHints":{"allow":["GET"]}}],"collection":[{"href":"https:\/\/weblog.shevek.de\/index.php?rest_route=\/wp\/v2\/pages"}],"about":[{"href":"https:\/\/weblog.shevek.de\/index.php?rest_route=\/wp\/v2\/types\/page"}],"author":[{"embeddable":true,"href":"https:\/\/weblog.shevek.de\/index.php?rest_route=\/wp\/v2\/users\/1"}],"replies":[{"embeddable":true,"href":"https:\/\/weblog.shevek.de\/index.php?rest_route=%2Fwp%2Fv2%2Fcomments&post=2"}],"version-history":[{"count":8,"href":"https:\/\/weblog.shevek.de\/index.php?rest_route=\/wp\/v2\/pages\/2\/revisions"}],"predecessor-version":[{"id":752,"href":"https:\/\/weblog.shevek.de\/index.php?rest_route=\/wp\/v2\/pages\/2\/revisions\/752"}],"wp:attachment":[{"href":"https:\/\/weblog.shevek.de\/index.php?rest_route=%2Fwp%2Fv2%2Fmedia&parent=2"}],"curies":[{"name":"wp","href":"https:\/\/api.w.org\/{rel}","templated":true}]}}