{"id":357,"date":"2014-03-04T08:30:14","date_gmt":"2014-03-04T07:30:14","guid":{"rendered":"http:\/\/weblog.shevek.de\/?page_id=357"},"modified":"2018-08-26T18:08:08","modified_gmt":"2018-08-26T17:08:08","slug":"tourverlauf-2014","status":"publish","type":"page","link":"https:\/\/weblog.shevek.de\/?page_id=357","title":{"rendered":"Schweden 2014"},"content":{"rendered":"<p>Die Route ist noch nicht bis ins kleinste geplant, das werden wir aber auch bald haben. Hier noch einmal die groben Etappen f\u00fcr einen kurzen \u00dcberblick:<\/p>\n<div id=\"attachment_389\" style=\"width: 700px\" class=\"wp-caption aligncenter\"><a href=\"https:\/\/weblog.shevek.de\/wp-content\/uploads\/2014\/04\/Ueberblick.jpg\"><img loading=\"lazy\" decoding=\"async\" aria-describedby=\"caption-attachment-389\" class=\" wp-image-389\" src=\"https:\/\/weblog.shevek.de\/wp-content\/uploads\/2014\/04\/Ueberblick.jpg\" alt=\"Ueberblick\" width=\"690\" height=\"825\" srcset=\"https:\/\/weblog.shevek.de\/wp-content\/uploads\/2014\/04\/Ueberblick.jpg 690w, https:\/\/weblog.shevek.de\/wp-content\/uploads\/2014\/04\/Ueberblick-250x300.jpg 250w\" sizes=\"auto, (max-width: 690px) 100vw, 690px\" \/><\/a><p id=\"caption-attachment-389\" class=\"wp-caption-text\">Die Etappen im \u00dcberblick<\/p><\/div>\n<ul>\n<li>Wuppertal &#8211; Schwerin \u00a0(Zug)<\/li>\n<li>Schwerin &#8211; Rostock 90 km<\/li>\n<li>Rostock &#8211; Trelleborg\u00a0 (F\u00e4hre)<\/li>\n<li>Trelleborg &#8211; Ystad &#8211; Tomelilla 69 km<\/li>\n<li>Tomelilla &#8211; St. Olof &#8211; Br\u00f6sarp &#8211; Ahus 72 km<\/li>\n<li>Ahus &#8211; Brom\u00f6lla &#8211; Olofstr\u00f6m &#8211; Ryd (Blidingsholm) 93 km<\/li>\n<li>Ryd (Blidingsholm) &#8211; Urshult &#8211; Torne &#8211; V\u00e4xj\u00f6 75 km<\/li>\n<li>Sightseeing in V\u00e4xj\u00f6<\/li>\n<\/ul>\n<p>Ein Teil der SchwedenfahrerInnen treten dann die R\u00fcckfahrt in verschiedenen Etappen via Trelleborg &#8211; Rostock zur\u00fcck nach Schwerin an. Der Rest f\u00e4hrt noch weiter:<\/p>\n<ul>\n<li>V\u00e4xj\u00f6 &#8211; Gemla &#8211; Vislanda &#8211; Ljungby 85 km<\/li>\n<li>Ljungby &#8211; B\u00f6lms\u00f6 kyrkby &#8211; J\u00e4lluntofta &#8211; Hyltebruk 82 km<\/li>\n<li>Hyltebruk &#8211; Torup &#8211; Ullared &#8211; Varberg 96 km<\/li>\n<li>Ein paar Tage Mini-Urlaub in Varberg<\/li>\n<li>Varberg &#8211; Kungsbacka &#8211; G\u00f6teborg 96 km<\/li>\n<li>Sightseeing in G\u00f6teborg<\/li>\n<li>G\u00f6teborg &#8211; Kiel\u00a0 (F\u00e4hre)<\/li>\n<li>Kiel &#8211; Schwerin bzw. Wuppertal\u00a0 (Zug)<\/li>\n<\/ul>\n<p>Die genaueren Strecken ihr hier zwei PDF-Dateien: <a href=\"http:\/\/schweden2014.shevek.de\/Schwerin-Vaexjoe.pdf\" target=\"_blank\" rel=\"noopener\">Schwerin-V\u00e4xj\u00f6<\/a> und <a href=\"http:\/\/schweden2014.shevek.de\/Vaexjoe-Goeteborg.pdf\" target=\"_blank\" rel=\"noopener\">V\u00e4xj\u00f6-G\u00f6teborg<\/a>. die ich mit <a href=\"http:\/\/naviki.org\" target=\"_blank\" rel=\"noopener\">naviki.org<\/a> erstellt habe.<\/p>\n","protected":false},"excerpt":{"rendered":"<p>Die Route ist noch nicht bis ins kleinste geplant, das werden wir aber auch bald haben. Hier noch einmal die groben Etappen f\u00fcr einen kurzen \u00dcberblick: Wuppertal &#8211; Schwerin \u00a0(Zug) Schwerin &#8211; Rostock 90 km Rostock &#8211; Trelleborg\u00a0 (F\u00e4hre) Trelleborg &hellip; <a href=\"https:\/\/weblog.shevek.de\/?page_id=357\">Weiterlesen <span class=\"meta-nav\">&rarr;<\/span><\/a><\/p>\n","protected":false},"author":1,"featured_media":0,"parent":0,"menu_order":2,"comment_status":"closed","ping_status":"closed","template":"","meta":{"footnotes":""},"class_list":["post-357","page","type-page","status-publish","hentry"],"_links":{"self":[{"href":"https:\/\/weblog.shevek.de\/index.php?rest_route=\/wp\/v2\/pages\/357","targetHints":{"allow":["GET"]}}],"collection":[{"href":"https:\/\/weblog.shevek.de\/index.php?rest_route=\/wp\/v2\/pages"}],"about":[{"href":"https:\/\/weblog.shevek.de\/index.php?rest_route=\/wp\/v2\/types\/page"}],"author":[{"embeddable":true,"href":"https:\/\/weblog.shevek.de\/index.php?rest_route=\/wp\/v2\/users\/1"}],"replies":[{"embeddable":true,"href":"https:\/\/weblog.shevek.de\/index.php?rest_route=%2Fwp%2Fv2%2Fcomments&post=357"}],"version-history":[{"count":15,"href":"https:\/\/weblog.shevek.de\/index.php?rest_route=\/wp\/v2\/pages\/357\/revisions"}],"predecessor-version":[{"id":751,"href":"https:\/\/weblog.shevek.de\/index.php?rest_route=\/wp\/v2\/pages\/357\/revisions\/751"}],"wp:attachment":[{"href":"https:\/\/weblog.shevek.de\/index.php?rest_route=%2Fwp%2Fv2%2Fmedia&parent=357"}],"curies":[{"name":"wp","href":"https:\/\/api.w.org\/{rel}","templated":true}]}}