{"id":481,"date":"2014-08-04T21:57:15","date_gmt":"2014-08-04T20:57:15","guid":{"rendered":"http:\/\/weblog.shevek.de\/?page_id=481"},"modified":"2018-08-26T18:08:13","modified_gmt":"2018-08-26T17:08:13","slug":"bilder-schweden-2014","status":"publish","type":"page","link":"https:\/\/weblog.shevek.de\/?page_id=481","title":{"rendered":"Bilder Schweden 2014"},"content":{"rendered":"<p>Ganz dickes Lob f\u00fcr Herrman: unser Tourmechaniker hilft immer!<\/p>\n<p><a href=\"https:\/\/weblog.shevek.de\/wp-content\/uploads\/2014\/08\/wpid-p1010308.jpg\"><img decoding=\"async\" class=\"alignnone size-full\" title=\"P1010308.JPG\" src=\"https:\/\/weblog.shevek.de\/wp-content\/uploads\/2014\/08\/wpid-p1010308.jpg\" alt=\"image\" \/><\/a><\/p>\n<p>Krisengespr\u00e4ch mit der Gruppenhotline der Bahn &#8211; die haben uns in einen Zug f\u00fcr die R\u00fcckfahrt gebucht, der auf Grund von Bauarbeiten ausf\u00e4llt!<\/p>\n<p><a href=\"https:\/\/weblog.shevek.de\/wp-content\/uploads\/2014\/08\/wpid-p1010312.jpg\"><img decoding=\"async\" class=\"alignnone size-full\" title=\"P1010312.JPG\" src=\"https:\/\/weblog.shevek.de\/wp-content\/uploads\/2014\/08\/wpid-p1010312.jpg\" alt=\"image\" \/><\/a><\/p>\n<p>Der tolle B\u00e4cker in Smygham<\/p>\n<p><a href=\"https:\/\/weblog.shevek.de\/wp-content\/uploads\/2014\/08\/wpid-p1010345.jpg\"><img decoding=\"async\" class=\"alignnone size-full\" title=\"P1010345.JPG\" src=\"https:\/\/weblog.shevek.de\/wp-content\/uploads\/2014\/08\/wpid-p1010345.jpg\" alt=\"image\" \/><\/a><\/p>\n<p>Ein Pausenplatz wo man gar nicht mehr weg m\u00f6chte!<\/p>\n<p><a href=\"https:\/\/weblog.shevek.de\/wp-content\/uploads\/2014\/08\/wpid-p1010348.jpg\"><img decoding=\"async\" class=\"alignnone size-full\" title=\"P1010348.JPG\" src=\"https:\/\/weblog.shevek.de\/wp-content\/uploads\/2014\/08\/wpid-p1010348.jpg\" alt=\"image\" \/><\/a><\/p>\n<p>Das Cafe in Marsvisholm<\/p>\n<p><a href=\"https:\/\/weblog.shevek.de\/wp-content\/uploads\/2014\/08\/wpid-p1010353.jpg\"><img decoding=\"async\" class=\"alignnone size-full\" title=\"P1010353.JPG\" src=\"https:\/\/weblog.shevek.de\/wp-content\/uploads\/2014\/08\/wpid-p1010353.jpg\" alt=\"image\" \/><\/a><\/p>\n<p>Auf dem Weg nach \u00c5hus<\/p>\n<p><a href=\"https:\/\/weblog.shevek.de\/wp-content\/uploads\/2014\/08\/wpid-p1010374.jpg\"><img decoding=\"async\" class=\"alignnone size-full\" title=\"P1010374.JPG\" src=\"https:\/\/weblog.shevek.de\/wp-content\/uploads\/2014\/08\/wpid-p1010374.jpg\" alt=\"image\" \/><\/a><\/p>\n","protected":false},"excerpt":{"rendered":"<p>Ganz dickes Lob f\u00fcr Herrman: unser Tourmechaniker hilft immer! Krisengespr\u00e4ch mit der Gruppenhotline der Bahn &#8211; die haben uns in einen Zug f\u00fcr die R\u00fcckfahrt gebucht, der auf Grund von Bauarbeiten ausf\u00e4llt! Der tolle B\u00e4cker in Smygham Ein Pausenplatz wo &hellip; <a href=\"https:\/\/weblog.shevek.de\/?page_id=481\">Weiterlesen <span class=\"meta-nav\">&rarr;<\/span><\/a><\/p>\n","protected":false},"author":1,"featured_media":0,"parent":357,"menu_order":10,"comment_status":"closed","ping_status":"closed","template":"","meta":{"footnotes":""},"class_list":["post-481","page","type-page","status-publish","hentry"],"_links":{"self":[{"href":"https:\/\/weblog.shevek.de\/index.php?rest_route=\/wp\/v2\/pages\/481","targetHints":{"allow":["GET"]}}],"collection":[{"href":"https:\/\/weblog.shevek.de\/index.php?rest_route=\/wp\/v2\/pages"}],"about":[{"href":"https:\/\/weblog.shevek.de\/index.php?rest_route=\/wp\/v2\/types\/page"}],"author":[{"embeddable":true,"href":"https:\/\/weblog.shevek.de\/index.php?rest_route=\/wp\/v2\/users\/1"}],"replies":[{"embeddable":true,"href":"https:\/\/weblog.shevek.de\/index.php?rest_route=%2Fwp%2Fv2%2Fcomments&post=481"}],"version-history":[{"count":2,"href":"https:\/\/weblog.shevek.de\/index.php?rest_route=\/wp\/v2\/pages\/481\/revisions"}],"predecessor-version":[{"id":572,"href":"https:\/\/weblog.shevek.de\/index.php?rest_route=\/wp\/v2\/pages\/481\/revisions\/572"}],"up":[{"embeddable":true,"href":"https:\/\/weblog.shevek.de\/index.php?rest_route=\/wp\/v2\/pages\/357"}],"wp:attachment":[{"href":"https:\/\/weblog.shevek.de\/index.php?rest_route=%2Fwp%2Fv2%2Fmedia&parent=481"}],"curies":[{"name":"wp","href":"https:\/\/api.w.org\/{rel}","templated":true}]}}